{"id":241,"date":"2024-02-07T15:11:30","date_gmt":"2024-02-07T15:11:30","guid":{"rendered":"https:\/\/neuronesfregides.cat\/?page_id=241"},"modified":"2024-03-19T18:52:20","modified_gmt":"2024-03-19T18:52:20","slug":"ladimonidemaxwell","status":"publish","type":"page","link":"https:\/\/neuronesfregides.cat\/index.php\/ladimonidemaxwell\/","title":{"rendered":"La Dimoni de Maxwell"},"content":{"rendered":"\n<p>S\u00f3c la Dimoni de Maxwell.<\/p>\n\n\n<figure style=\"width:0px;height:0px;\" class=\"wp-block-post-featured-image\"><img loading=\"lazy\" decoding=\"async\" width=\"2048\" height=\"2048\" src=\"https:\/\/neuronesfregides.cat\/wp-content\/uploads\/2024\/02\/Flama.png\" class=\"attachment-post-thumbnail size-post-thumbnail wp-post-image\" alt=\"\" style=\"height:0px;object-fit:cover;\" srcset=\"https:\/\/neuronesfregides.cat\/wp-content\/uploads\/2024\/02\/Flama.png 2048w, https:\/\/neuronesfregides.cat\/wp-content\/uploads\/2024\/02\/Flama-300x300.png 300w, https:\/\/neuronesfregides.cat\/wp-content\/uploads\/2024\/02\/Flama-1024x1024.png 1024w, https:\/\/neuronesfregides.cat\/wp-content\/uploads\/2024\/02\/Flama-150x150.png 150w, https:\/\/neuronesfregides.cat\/wp-content\/uploads\/2024\/02\/Flama-768x768.png 768w, https:\/\/neuronesfregides.cat\/wp-content\/uploads\/2024\/02\/Flama-1536x1536.png 1536w, https:\/\/neuronesfregides.cat\/wp-content\/uploads\/2024\/02\/Flama-600x600.png 600w, https:\/\/neuronesfregides.cat\/wp-content\/uploads\/2024\/02\/Flama-1200x1200.png 1200w, https:\/\/neuronesfregides.cat\/wp-content\/uploads\/2024\/02\/Flama-800x800.png 800w\" sizes=\"auto, (max-width: 2048px) 100vw, 2048px\" \/><\/figure>\n\n\n<ul class=\"wp-block-social-links has-icon-color is-style-logos-only is-content-justification-center is-layout-flex wp-container-core-social-links-is-layout-a89b3969 wp-block-social-links-is-layout-flex\"><li style=\"color:#ffffff;\" class=\"wp-social-link wp-social-link-instagram has-foreground-color wp-block-social-link\"><a href=\"https:\/\/www.instagram.com\/ladimonidemaxwell\/\" class=\"wp-block-social-link-anchor\"><svg width=\"24\" height=\"24\" viewBox=\"0 0 24 24\" version=\"1.1\" xmlns=\"http:\/\/www.w3.org\/2000\/svg\" aria-hidden=\"true\" focusable=\"false\"><path d=\"M12,4.622c2.403,0,2.688,0.009,3.637,0.052c0.877,0.04,1.354,0.187,1.671,0.31c0.42,0.163,0.72,0.358,1.035,0.673 c0.315,0.315,0.51,0.615,0.673,1.035c0.123,0.317,0.27,0.794,0.31,1.671c0.043,0.949,0.052,1.234,0.052,3.637 s-0.009,2.688-0.052,3.637c-0.04,0.877-0.187,1.354-0.31,1.671c-0.163,0.42-0.358,0.72-0.673,1.035 c-0.315,0.315-0.615,0.51-1.035,0.673c-0.317,0.123-0.794,0.27-1.671,0.31c-0.949,0.043-1.233,0.052-3.637,0.052 s-2.688-0.009-3.637-0.052c-0.877-0.04-1.354-0.187-1.671-0.31c-0.42-0.163-0.72-0.358-1.035-0.673 c-0.315-0.315-0.51-0.615-0.673-1.035c-0.123-0.317-0.27-0.794-0.31-1.671C4.631,14.688,4.622,14.403,4.622,12 s0.009-2.688,0.052-3.637c0.04-0.877,0.187-1.354,0.31-1.671c0.163-0.42,0.358-0.72,0.673-1.035 c0.315-0.315,0.615-0.51,1.035-0.673c0.317-0.123,0.794-0.27,1.671-0.31C9.312,4.631,9.597,4.622,12,4.622 M12,3 C9.556,3,9.249,3.01,8.289,3.054C7.331,3.098,6.677,3.25,6.105,3.472C5.513,3.702,5.011,4.01,4.511,4.511 c-0.5,0.5-0.808,1.002-1.038,1.594C3.25,6.677,3.098,7.331,3.054,8.289C3.01,9.249,3,9.556,3,12c0,2.444,0.01,2.751,0.054,3.711 c0.044,0.958,0.196,1.612,0.418,2.185c0.23,0.592,0.538,1.094,1.038,1.594c0.5,0.5,1.002,0.808,1.594,1.038 c0.572,0.222,1.227,0.375,2.185,0.418C9.249,20.99,9.556,21,12,21s2.751-0.01,3.711-0.054c0.958-0.044,1.612-0.196,2.185-0.418 c0.592-0.23,1.094-0.538,1.594-1.038c0.5-0.5,0.808-1.002,1.038-1.594c0.222-0.572,0.375-1.227,0.418-2.185 C20.99,14.751,21,14.444,21,12s-0.01-2.751-0.054-3.711c-0.044-0.958-0.196-1.612-0.418-2.185c-0.23-0.592-0.538-1.094-1.038-1.594 c-0.5-0.5-1.002-0.808-1.594-1.038c-0.572-0.222-1.227-0.375-2.185-0.418C14.751,3.01,14.444,3,12,3L12,3z M12,7.378 c-2.552,0-4.622,2.069-4.622,4.622S9.448,16.622,12,16.622s4.622-2.069,4.622-4.622S14.552,7.378,12,7.378z M12,15 c-1.657,0-3-1.343-3-3s1.343-3,3-3s3,1.343,3,3S13.657,15,12,15z M16.804,6.116c-0.596,0-1.08,0.484-1.08,1.08 s0.484,1.08,1.08,1.08c0.596,0,1.08-0.484,1.08-1.08S17.401,6.116,16.804,6.116z\"><\/path><\/svg><span class=\"wp-block-social-link-label screen-reader-text\">Instagram<\/span><\/a><\/li>\n\n<li style=\"color:#ffffff;\" class=\"wp-social-link wp-social-link-youtube has-foreground-color wp-block-social-link\"><a href=\"https:\/\/www.youtube.com\/@LaDimonideMaxwell\" class=\"wp-block-social-link-anchor\"><svg width=\"24\" height=\"24\" viewBox=\"0 0 24 24\" version=\"1.1\" xmlns=\"http:\/\/www.w3.org\/2000\/svg\" aria-hidden=\"true\" focusable=\"false\"><path d=\"M21.8,8.001c0,0-0.195-1.378-0.795-1.985c-0.76-0.797-1.613-0.801-2.004-0.847c-2.799-0.202-6.997-0.202-6.997-0.202 h-0.009c0,0-4.198,0-6.997,0.202C4.608,5.216,3.756,5.22,2.995,6.016C2.395,6.623,2.2,8.001,2.2,8.001S2,9.62,2,11.238v1.517 c0,1.618,0.2,3.237,0.2,3.237s0.195,1.378,0.795,1.985c0.761,0.797,1.76,0.771,2.205,0.855c1.6,0.153,6.8,0.201,6.8,0.201 s4.203-0.006,7.001-0.209c0.391-0.047,1.243-0.051,2.004-0.847c0.6-0.607,0.795-1.985,0.795-1.985s0.2-1.618,0.2-3.237v-1.517 C22,9.62,21.8,8.001,21.8,8.001z M9.935,14.594l-0.001-5.62l5.404,2.82L9.935,14.594z\"><\/path><\/svg><span class=\"wp-block-social-link-label screen-reader-text\">YouTube<\/span><\/a><\/li>\n\n<li style=\"color:#ffffff;\" class=\"wp-social-link wp-social-link-x has-foreground-color wp-block-social-link\"><a href=\"https:\/\/twitter.com\/marionamec\" class=\"wp-block-social-link-anchor\"><svg width=\"24\" height=\"24\" viewBox=\"0 0 24 24\" version=\"1.1\" xmlns=\"http:\/\/www.w3.org\/2000\/svg\" aria-hidden=\"true\" focusable=\"false\"><path d=\"M13.982 10.622 20.54 3h-1.554l-5.693 6.618L8.745 3H3.5l6.876 10.007L3.5 21h1.554l6.012-6.989L15.868 21h5.245l-7.131-10.378Zm-2.128 2.474-.697-.997-5.543-7.93H8l4.474 6.4.697.996 5.815 8.318h-2.387l-4.745-6.787Z\" \/><\/svg><span class=\"wp-block-social-link-label screen-reader-text\">X<\/span><\/a><\/li><\/ul>\n\n\n\n<div style=\"height:55px\" aria-hidden=\"true\" class=\"wp-block-spacer\"><\/div>\n\n\n\n<hr class=\"wp-block-separator has-alpha-channel-opacity\"\/>\n\n\n\n<figure class=\"wp-block-embed is-type-video is-provider-youtube wp-block-embed-youtube wp-embed-aspect-16-9 wp-has-aspect-ratio\"><div class=\"wp-block-embed__wrapper\">\n<iframe loading=\"lazy\" title=\"Biologia qu\u00e0ntica: Les plantes qu\u00e0ntiques\" width=\"500\" height=\"281\" src=\"https:\/\/www.youtube.com\/embed\/A6P2ivBsfOg?feature=oembed\" frameborder=\"0\" allow=\"accelerometer; autoplay; clipboard-write; encrypted-media; gyroscope; picture-in-picture; web-share\" referrerpolicy=\"strict-origin-when-cross-origin\" allowfullscreen><\/iframe>\n<\/div><figcaption class=\"wp-element-caption\">La fotos\u00edntesi \u00e9s potser la reacci\u00f3 qu\u00edmica m\u00e9s famosa que hi ha. Tothom la coneix i sap perqu\u00e8 \u00e9s tan important. Ara b\u00e9, no tothom sap que la mec\u00e0nica qu\u00e0ntica hi podria estar al darrera. Aix\u00f2 \u00e9s del que va aquest v\u00eddeo. Aquest \u00e9s el segon v\u00eddeo de la s\u00e8rie Biologia qu\u00e0ntica!<\/figcaption><\/figure>\n\n\n\n<hr class=\"wp-block-separator has-alpha-channel-opacity\"\/>\n\n\n\n<figure class=\"wp-block-embed is-type-video is-provider-youtube wp-block-embed-youtube wp-embed-aspect-16-9 wp-has-aspect-ratio\"><div class=\"wp-block-embed__wrapper\">\n<iframe loading=\"lazy\" title=\"Biologia qu\u00e0ntica: L&#039;ocell qu\u00e0ntic\" width=\"500\" height=\"281\" src=\"https:\/\/www.youtube.com\/embed\/HCGVLIcJX7s?feature=oembed\" frameborder=\"0\" allow=\"accelerometer; autoplay; clipboard-write; encrypted-media; gyroscope; picture-in-picture; web-share\" referrerpolicy=\"strict-origin-when-cross-origin\" allowfullscreen><\/iframe>\n<\/div><figcaption class=\"wp-element-caption\">La mec\u00e0nica qu\u00e0ntica i la biologia ocupen territoris del coneixement extremadament diferents! Els fen\u00f2mens qu\u00e0ntics normalment s&#8217;observen a escales microsc\u00f2piques i en condicions super controlades de buit i temperatures ultra fredes. La biologia ocupa el m\u00f3n macrosc\u00f2pic, desordenat i amb temperatures i pressions elevades. Costa de creure que les dues disciplines tinguin alguna cosa a veure. Per\u00f2 descobriments recents demostren que la mec\u00e0nica qu\u00e0ntica pot tenir un paper rellevant a escala biol\u00f2gica. Aquest \u00e9s precisament el territori de la biologia qu\u00e0ntica, un camp interdisciplinar que ha tingut un gran impacte recentment. La percepci\u00f3 del camp magn\u00e8tic dels ocells, el sentit de l&#8217;olfacte, la fotos\u00edntesi&#8230; s\u00f3n exemples en els que la mec\u00e0nica qu\u00e0ntica \u00e9s imprescindible per entendre un proc\u00e8s biol\u00f2gic.<\/figcaption><\/figure>\n","protected":false},"excerpt":{"rendered":"<p>S\u00f3c la Dimoni de Maxwell.<\/p>\n","protected":false},"author":1,"featured_media":246,"parent":0,"menu_order":0,"comment_status":"open","ping_status":"closed","template":"wp-custom-template-descripci-de-projecte","meta":{"_EventAllDay":false,"_EventTimezone":"","_EventStartDate":"","_EventEndDate":"","_EventStartDateUTC":"","_EventEndDateUTC":"","_EventShowMap":false,"_EventShowMapLink":false,"_EventURL":"","_EventCost":"","_EventCostDescription":"","_EventCurrencySymbol":"","_EventCurrencyCode":"","_EventCurrencyPosition":"","_EventDateTimeSeparator":"","_EventTimeRangeSeparator":"","_EventOrganizerID":[],"_EventVenueID":[],"_OrganizerEmail":"","_OrganizerPhone":"","_OrganizerWebsite":"","_VenueAddress":"","_VenueCity":"","_VenueCountry":"","_VenueProvince":"","_VenueState":"","_VenueZip":"","_VenuePhone":"","_VenueURL":"","_VenueStateProvince":"","_VenueLat":"","_VenueLng":"","_VenueShowMap":false,"_VenueShowMapLink":false,"footnotes":""},"class_list":["post-241","page","type-page","status-publish","has-post-thumbnail","hentry"],"_links":{"self":[{"href":"https:\/\/neuronesfregides.cat\/index.php\/wp-json\/wp\/v2\/pages\/241","targetHints":{"allow":["GET"]}}],"collection":[{"href":"https:\/\/neuronesfregides.cat\/index.php\/wp-json\/wp\/v2\/pages"}],"about":[{"href":"https:\/\/neuronesfregides.cat\/index.php\/wp-json\/wp\/v2\/types\/page"}],"author":[{"embeddable":true,"href":"https:\/\/neuronesfregides.cat\/index.php\/wp-json\/wp\/v2\/users\/1"}],"replies":[{"embeddable":true,"href":"https:\/\/neuronesfregides.cat\/index.php\/wp-json\/wp\/v2\/comments?post=241"}],"version-history":[{"count":0,"href":"https:\/\/neuronesfregides.cat\/index.php\/wp-json\/wp\/v2\/pages\/241\/revisions"}],"wp:featuredmedia":[{"embeddable":true,"href":"https:\/\/neuronesfregides.cat\/index.php\/wp-json\/wp\/v2\/media\/246"}],"wp:attachment":[{"href":"https:\/\/neuronesfregides.cat\/index.php\/wp-json\/wp\/v2\/media?parent=241"}],"curies":[{"name":"wp","href":"https:\/\/api.w.org\/{rel}","templated":true}]}}